{"id":575,"date":"2025-01-15T22:14:08","date_gmt":"2025-01-15T21:14:08","guid":{"rendered":"https:\/\/www.iratikotriatloia.eus\/?page_id=575"},"modified":"2025-02-04T22:18:00","modified_gmt":"2025-02-04T21:18:00","slug":"nun-lo-egin","status":"publish","type":"page","link":"https:\/\/www.iratikotriatloia.eus\/fr\/nun-lo-egin\/","title":{"rendered":"O\u00f9 se loger ?"},"content":{"rendered":"<div style=\"height:3vh\" aria-hidden=\"true\" class=\"wp-block-spacer\"><\/div>\n\n\n\n<div class=\"wp-block-cover alignfull image_banniere\" style=\"min-height:40vw;aspect-ratio:unset;\"><span aria-hidden=\"true\" class=\"wp-block-cover__background has-background-dim-0 has-background-dim\" style=\"background-color:#737c90\"><\/span><img loading=\"lazy\" decoding=\"async\" width=\"1824\" height=\"1368\" class=\"wp-block-cover__image-background wp-image-725\" alt=\"\" src=\"https:\/\/www.iratikotriatloia.eus\/wp-content\/uploads\/2025\/01\/IMG-20231013-WA0009.jpg\" style=\"object-position:50% 56%\" data-object-fit=\"cover\" data-object-position=\"50% 56%\" srcset=\"https:\/\/www.iratikotriatloia.eus\/wp-content\/uploads\/2025\/01\/IMG-20231013-WA0009.jpg 1824w, https:\/\/www.iratikotriatloia.eus\/wp-content\/uploads\/2025\/01\/IMG-20231013-WA0009-300x225.jpg 300w, https:\/\/www.iratikotriatloia.eus\/wp-content\/uploads\/2025\/01\/IMG-20231013-WA0009-1024x768.jpg 1024w, https:\/\/www.iratikotriatloia.eus\/wp-content\/uploads\/2025\/01\/IMG-20231013-WA0009-768x576.jpg 768w, https:\/\/www.iratikotriatloia.eus\/wp-content\/uploads\/2025\/01\/IMG-20231013-WA0009-1536x1152.jpg 1536w, https:\/\/www.iratikotriatloia.eus\/wp-content\/uploads\/2025\/01\/IMG-20231013-WA0009-16x12.jpg 16w\" sizes=\"auto, (max-width: 1824px) 100vw, 1824px\" \/><div class=\"wp-block-cover__inner-container is-layout-constrained wp-block-cover-is-layout-constrained\">\n<p class=\"has-text-align-center has-larger-font-size\"><\/p>\n<\/div><\/div>\n\n\n\n<h2 class=\"wp-block-heading has-text-align-center has-larger-font-size\">O\u00f9 se loger ?<\/h2>\n\n\n\n<div style=\"height:7vh\" aria-hidden=\"true\" class=\"wp-block-spacer\"><\/div>\n\n\n<style>.wp-block-kadence-advancedheading.kt-adv-heading575_627aa0-7e, .wp-block-kadence-advancedheading.kt-adv-heading575_627aa0-7e[data-kb-block=\"kb-adv-heading575_627aa0-7e\"]{font-size:var(--global-kb-font-size-md, 1.25rem);font-style:normal;}.wp-block-kadence-advancedheading.kt-adv-heading575_627aa0-7e mark.kt-highlight, .wp-block-kadence-advancedheading.kt-adv-heading575_627aa0-7e[data-kb-block=\"kb-adv-heading575_627aa0-7e\"] mark.kt-highlight{font-style:normal;color:#f76a0c;-webkit-box-decoration-break:clone;box-decoration-break:clone;padding-top:0px;padding-right:0px;padding-bottom:0px;padding-left:0px;}.wp-block-kadence-advancedheading.kt-adv-heading575_627aa0-7e img.kb-inline-image, .wp-block-kadence-advancedheading.kt-adv-heading575_627aa0-7e[data-kb-block=\"kb-adv-heading575_627aa0-7e\"] img.kb-inline-image{width:150px;vertical-align:baseline;}@media all and (max-width: 767px){.wp-block-kadence-advancedheading.kt-adv-heading575_627aa0-7e, .wp-block-kadence-advancedheading.kt-adv-heading575_627aa0-7e[data-kb-block=\"kb-adv-heading575_627aa0-7e\"]{font-size:var(--global-kb-font-size-md, 1.25rem);}}<\/style>\n<h2 class=\"kt-adv-heading575_627aa0-7e wp-block-kadence-advancedheading\" data-kb-block=\"kb-adv-heading575_627aa0-7e\">Plusieurs options de logements vous sont propos\u00e9es sur le site d'Iraty: <\/h2>\n\n\n\n<div class=\"wp-block-columns is-layout-flex wp-container-core-columns-is-layout-9d6595d7 wp-block-columns-is-layout-flex\">\n<div class=\"wp-block-column is-layout-flow wp-block-column-is-layout-flow\"><style>.wp-block-kadence-column.kb-section-dir-horizontal > .kt-inside-inner-col > .kt-info-box575_12d062-92 .kt-blocks-info-box-link-wrap{max-width:unset;}.kt-info-box575_12d062-92 .kt-blocks-info-box-link-wrap{border-top-left-radius:30px;border-top-right-radius:30px;border-bottom-right-radius:30px;border-bottom-left-radius:30px;background:#ffffff;padding-top:0px;padding-right:var(--global-kb-spacing-xs, 1rem);padding-bottom:0px;padding-left:var(--global-kb-spacing-xs, 1rem);}.kt-info-box575_12d062-92.wp-block-kadence-infobox{max-width:100%;}.kt-info-box575_12d062-92 .kadence-info-box-image-inner-intrisic-container{max-width:40px;}.kt-info-box575_12d062-92 .kadence-info-box-image-inner-intrisic-container .kadence-info-box-image-intrisic{padding-bottom:100%;width:512px;height:0px;max-width:100%;}.kt-info-box575_12d062-92 .kadence-info-box-icon-container .kt-info-svg-icon, .kt-info-box575_12d062-92 .kt-info-svg-icon-flip, .kt-info-box575_12d062-92 .kt-blocks-info-box-number{font-size:50px;}.kt-info-box575_12d062-92 .kt-blocks-info-box-media{border-top-width:0px;border-right-width:0px;border-bottom-width:0px;border-left-width:0px;padding-top:20px;padding-right:20px;padding-bottom:20px;padding-left:20px;margin-top:0px;margin-right:20px;margin-bottom:0px;margin-left:0px;}.kt-info-box575_12d062-92 .kt-infobox-textcontent h2.kt-blocks-info-box-title{font-size:var(--global-kb-font-size-md, 1.25rem);padding-top:0px;padding-right:0px;padding-bottom:0px;padding-left:0px;margin-top:5px;margin-right:0px;margin-bottom:10px;margin-left:0px;}.wp-block-kadence-infobox.kt-info-box575_12d062-92 .kt-blocks-info-box-text{font-size:var(--global-kb-font-size-sm, 0.9rem);}.kt-info-box575_12d062-92 .kt-blocks-info-box-learnmore{background:transparent;border-width:0px 0px 0px 0px;padding-top:4px;padding-right:8px;padding-bottom:4px;padding-left:8px;margin-top:10px;margin-right:0px;margin-bottom:10px;margin-left:0px;}@media all and (max-width: 767px){.kt-info-box575_12d062-92 .kt-infobox-textcontent h2.kt-blocks-info-box-title{font-size:var(--global-kb-font-size-md, 1.25rem);}.wp-block-kadence-infobox.kt-info-box575_12d062-92 .kt-blocks-info-box-text{font-size:var(--global-kb-font-size-sm, 0.9rem);}}<\/style>\n<div class=\"wp-block-kadence-infobox kt-info-box575_12d062-92\"><a class=\"kt-blocks-info-box-link-wrap info-box-link kt-blocks-info-box-media-align-left kt-info-halign-left\" href=\"https:\/\/chalets-iraty.com\/les-hebergements\/les-chalets-diraty\/\"><div class=\"kt-blocks-info-box-media-container\"><div class=\"kt-blocks-info-box-media kt-info-media-animate-none\"><div class=\"kadence-info-box-image-inner-intrisic-container\"><div class=\"kadence-info-box-image-intrisic kt-info-animate-none\"><div class=\"kadence-info-box-image-inner-intrisic\"><img loading=\"lazy\" decoding=\"async\" src=\"https:\/\/www.iratikotriatloia.eus\/wp-content\/uploads\/2025\/01\/chalet_ico.png\" alt=\"\" width=\"512\" height=\"512\" class=\"kt-info-box-image wp-image-1169\" srcset=\"https:\/\/www.iratikotriatloia.eus\/wp-content\/uploads\/2025\/01\/chalet_ico.png 512w, https:\/\/www.iratikotriatloia.eus\/wp-content\/uploads\/2025\/01\/chalet_ico-300x300.png 300w, https:\/\/www.iratikotriatloia.eus\/wp-content\/uploads\/2025\/01\/chalet_ico-150x150.png 150w, https:\/\/www.iratikotriatloia.eus\/wp-content\/uploads\/2025\/01\/chalet_ico-12x12.png 12w\" sizes=\"auto, (max-width: 512px) 100vw, 512px\" \/><\/div><\/div><\/div><\/div><\/div><div class=\"kt-infobox-textcontent\"><h2 class=\"kt-blocks-info-box-title\">Chalets d'Iraty <\/h2><p class=\"kt-blocks-info-box-text\">logements pouvant accueillir de 4 \u00e0 29 personnes<\/p><\/div><\/a><\/div>\n\n\n<style>.wp-block-kadence-column.kb-section-dir-horizontal > .kt-inside-inner-col > .kt-info-box575_2a26e3-92 .kt-blocks-info-box-link-wrap{max-width:unset;}.kt-info-box575_2a26e3-92 .kt-blocks-info-box-link-wrap{border-top-left-radius:30px;border-top-right-radius:30px;border-bottom-right-radius:30px;border-bottom-left-radius:30px;background:#ffffff;padding-top:0px;padding-right:var(--global-kb-spacing-xs, 1rem);padding-bottom:0px;padding-left:var(--global-kb-spacing-xs, 1rem);}.kt-info-box575_2a26e3-92.wp-block-kadence-infobox{max-width:100%;}.kt-info-box575_2a26e3-92 .kadence-info-box-image-inner-intrisic-container{max-width:40px;}.kt-info-box575_2a26e3-92 .kadence-info-box-image-inner-intrisic-container .kadence-info-box-image-intrisic{padding-bottom:100%;width:512px;height:0px;max-width:100%;}.kt-info-box575_2a26e3-92 .kadence-info-box-icon-container .kt-info-svg-icon, .kt-info-box575_2a26e3-92 .kt-info-svg-icon-flip, .kt-info-box575_2a26e3-92 .kt-blocks-info-box-number{font-size:50px;}.kt-info-box575_2a26e3-92 .kt-blocks-info-box-media{border-top-width:0px;border-right-width:0px;border-bottom-width:0px;border-left-width:0px;padding-top:20px;padding-right:20px;padding-bottom:20px;padding-left:20px;margin-top:0px;margin-right:20px;margin-bottom:0px;margin-left:0px;}.kt-info-box575_2a26e3-92 .kt-infobox-textcontent h2.kt-blocks-info-box-title{font-size:var(--global-kb-font-size-md, 1.25rem);padding-top:0px;padding-right:0px;padding-bottom:0px;padding-left:0px;margin-top:5px;margin-right:0px;margin-bottom:10px;margin-left:0px;}.wp-block-kadence-infobox.kt-info-box575_2a26e3-92 .kt-blocks-info-box-text{font-size:var(--global-kb-font-size-md, 1.25rem);}.kt-info-box575_2a26e3-92 .kt-blocks-info-box-learnmore{background:transparent;border-width:0px 0px 0px 0px;padding-top:4px;padding-right:8px;padding-bottom:4px;padding-left:8px;margin-top:10px;margin-right:0px;margin-bottom:10px;margin-left:0px;}@media all and (max-width: 767px){.kt-info-box575_2a26e3-92 .kt-infobox-textcontent h2.kt-blocks-info-box-title{font-size:var(--global-kb-font-size-md, 1.25rem);}.wp-block-kadence-infobox.kt-info-box575_2a26e3-92 .kt-blocks-info-box-text{font-size:var(--global-kb-font-size-sm, 0.9rem);}}<\/style>\n<div class=\"wp-block-kadence-infobox kt-info-box575_2a26e3-92\"><a class=\"kt-blocks-info-box-link-wrap info-box-link kt-blocks-info-box-media-align-left kt-info-halign-left\" href=\"https:\/\/chalets-iraty.com\/les-hebergements\/les-chambres-hotelieres\/\"><div class=\"kt-blocks-info-box-media-container\"><div class=\"kt-blocks-info-box-media kt-info-media-animate-none\"><div class=\"kadence-info-box-image-inner-intrisic-container\"><div class=\"kadence-info-box-image-intrisic kt-info-animate-none\"><div class=\"kadence-info-box-image-inner-intrisic\"><img loading=\"lazy\" decoding=\"async\" src=\"https:\/\/www.iratikotriatloia.eus\/wp-content\/uploads\/2025\/01\/chambre_ico.png\" alt=\"\" width=\"512\" height=\"512\" class=\"kt-info-box-image wp-image-1170\" srcset=\"https:\/\/www.iratikotriatloia.eus\/wp-content\/uploads\/2025\/01\/chambre_ico.png 512w, https:\/\/www.iratikotriatloia.eus\/wp-content\/uploads\/2025\/01\/chambre_ico-300x300.png 300w, https:\/\/www.iratikotriatloia.eus\/wp-content\/uploads\/2025\/01\/chambre_ico-150x150.png 150w, https:\/\/www.iratikotriatloia.eus\/wp-content\/uploads\/2025\/01\/chambre_ico-12x12.png 12w\" sizes=\"auto, (max-width: 512px) 100vw, 512px\" \/><\/div><\/div><\/div><\/div><\/div><div class=\"kt-infobox-textcontent\"><h2 class=\"kt-blocks-info-box-title\">Des chambres hoteli\u00e8res<\/h2><\/div><\/a><\/div>\n\n\n<style>.wp-block-kadence-column.kb-section-dir-horizontal > .kt-inside-inner-col > .kt-info-box575_ab5727-ef .kt-blocks-info-box-link-wrap{max-width:unset;}.kt-info-box575_ab5727-ef .kt-blocks-info-box-link-wrap{border-top-left-radius:30px;border-top-right-radius:30px;border-bottom-right-radius:30px;border-bottom-left-radius:30px;background:#ffffff;padding-top:0px;padding-right:var(--global-kb-spacing-xs, 1rem);padding-bottom:0px;padding-left:var(--global-kb-spacing-xs, 1rem);}.kt-info-box575_ab5727-ef.wp-block-kadence-infobox{max-width:100%;}.kt-info-box575_ab5727-ef .kadence-info-box-image-inner-intrisic-container{max-width:40px;}.kt-info-box575_ab5727-ef .kadence-info-box-image-inner-intrisic-container .kadence-info-box-image-intrisic{padding-bottom:100%;width:512px;height:0px;max-width:100%;}.kt-info-box575_ab5727-ef .kadence-info-box-icon-container .kt-info-svg-icon, .kt-info-box575_ab5727-ef .kt-info-svg-icon-flip, .kt-info-box575_ab5727-ef .kt-blocks-info-box-number{font-size:50px;}.kt-info-box575_ab5727-ef .kt-blocks-info-box-media{border-top-width:0px;border-right-width:0px;border-bottom-width:0px;border-left-width:0px;padding-top:20px;padding-right:20px;padding-bottom:20px;padding-left:20px;margin-top:0px;margin-right:20px;margin-bottom:0px;margin-left:0px;}.kt-info-box575_ab5727-ef .kt-infobox-textcontent h2.kt-blocks-info-box-title{font-size:var(--global-kb-font-size-md, 1.25rem);padding-top:0px;padding-right:0px;padding-bottom:0px;padding-left:0px;margin-top:5px;margin-right:0px;margin-bottom:10px;margin-left:0px;}.wp-block-kadence-infobox.kt-info-box575_ab5727-ef .kt-blocks-info-box-text{font-size:var(--global-kb-font-size-md, 1.25rem);}.kt-info-box575_ab5727-ef .kt-blocks-info-box-learnmore{background:transparent;border-width:0px 0px 0px 0px;padding-top:4px;padding-right:8px;padding-bottom:4px;padding-left:8px;margin-top:10px;margin-right:0px;margin-bottom:10px;margin-left:0px;}@media all and (max-width: 767px){.kt-info-box575_ab5727-ef .kt-infobox-textcontent h2.kt-blocks-info-box-title{font-size:var(--global-kb-font-size-md, 1.25rem);}.wp-block-kadence-infobox.kt-info-box575_ab5727-ef .kt-blocks-info-box-text{font-size:var(--global-kb-font-size-sm, 0.9rem);}}<\/style>\n<div class=\"wp-block-kadence-infobox kt-info-box575_ab5727-ef\"><a class=\"kt-blocks-info-box-link-wrap info-box-link kt-blocks-info-box-media-align-left kt-info-halign-left\" href=\"https:\/\/chalets-iraty.com\/les-hebergements\/gite-detape-gr10\/\"><div class=\"kt-blocks-info-box-media-container\"><div class=\"kt-blocks-info-box-media kt-info-media-animate-none\"><div class=\"kadence-info-box-image-inner-intrisic-container\"><div class=\"kadence-info-box-image-intrisic kt-info-animate-none\"><div class=\"kadence-info-box-image-inner-intrisic\"><img loading=\"lazy\" decoding=\"async\" src=\"https:\/\/www.iratikotriatloia.eus\/wp-content\/uploads\/2025\/01\/gite_dome1-1.png\" alt=\"\" width=\"512\" height=\"512\" class=\"kt-info-box-image wp-image-1178\" srcset=\"https:\/\/www.iratikotriatloia.eus\/wp-content\/uploads\/2025\/01\/gite_dome1-1.png 512w, https:\/\/www.iratikotriatloia.eus\/wp-content\/uploads\/2025\/01\/gite_dome1-1-300x300.png 300w, https:\/\/www.iratikotriatloia.eus\/wp-content\/uploads\/2025\/01\/gite_dome1-1-150x150.png 150w, https:\/\/www.iratikotriatloia.eus\/wp-content\/uploads\/2025\/01\/gite_dome1-1-12x12.png 12w\" sizes=\"auto, (max-width: 512px) 100vw, 512px\" \/><\/div><\/div><\/div><\/div><\/div><div class=\"kt-infobox-textcontent\"><h2 class=\"kt-blocks-info-box-title\">Un Gite<\/h2><\/div><\/a><\/div>\n\n\n<style>.wp-block-kadence-column.kb-section-dir-horizontal > .kt-inside-inner-col > .kt-info-box575_ce03e1-43 .kt-blocks-info-box-link-wrap{max-width:unset;}.kt-info-box575_ce03e1-43 .kt-blocks-info-box-link-wrap{border-top-left-radius:30px;border-top-right-radius:30px;border-bottom-right-radius:30px;border-bottom-left-radius:30px;background:#ffffff;padding-top:0px;padding-right:var(--global-kb-spacing-xs, 1rem);padding-bottom:0px;padding-left:var(--global-kb-spacing-xs, 1rem);}.kt-info-box575_ce03e1-43.wp-block-kadence-infobox{max-width:100%;}.kt-info-box575_ce03e1-43 .kadence-info-box-image-inner-intrisic-container{max-width:40px;}.kt-info-box575_ce03e1-43 .kadence-info-box-image-inner-intrisic-container .kadence-info-box-image-intrisic{padding-bottom:100%;width:512px;height:0px;max-width:100%;}.kt-info-box575_ce03e1-43 .kadence-info-box-icon-container .kt-info-svg-icon, .kt-info-box575_ce03e1-43 .kt-info-svg-icon-flip, .kt-info-box575_ce03e1-43 .kt-blocks-info-box-number{font-size:50px;}.kt-info-box575_ce03e1-43 .kt-blocks-info-box-media{border-top-width:0px;border-right-width:0px;border-bottom-width:0px;border-left-width:0px;padding-top:20px;padding-right:20px;padding-bottom:20px;padding-left:20px;margin-top:0px;margin-right:20px;margin-bottom:0px;margin-left:0px;}.kt-info-box575_ce03e1-43 .kt-infobox-textcontent h2.kt-blocks-info-box-title{font-size:var(--global-kb-font-size-md, 1.25rem);padding-top:0px;padding-right:0px;padding-bottom:0px;padding-left:0px;margin-top:5px;margin-right:0px;margin-bottom:10px;margin-left:0px;}.wp-block-kadence-infobox.kt-info-box575_ce03e1-43 .kt-blocks-info-box-text{font-size:var(--global-kb-font-size-md, 1.25rem);}.kt-info-box575_ce03e1-43 .kt-blocks-info-box-learnmore{background:transparent;border-width:0px 0px 0px 0px;padding-top:4px;padding-right:8px;padding-bottom:4px;padding-left:8px;margin-top:10px;margin-right:0px;margin-bottom:10px;margin-left:0px;}@media all and (max-width: 767px){.kt-info-box575_ce03e1-43 .kt-infobox-textcontent h2.kt-blocks-info-box-title{font-size:var(--global-kb-font-size-md, 1.25rem);}.wp-block-kadence-infobox.kt-info-box575_ce03e1-43 .kt-blocks-info-box-text{font-size:var(--global-kb-font-size-sm, 0.9rem);}}<\/style>\n<div class=\"wp-block-kadence-infobox kt-info-box575_ce03e1-43\"><a class=\"kt-blocks-info-box-link-wrap info-box-link kt-blocks-info-box-media-align-left kt-info-halign-left\" href=\"https:\/\/chalets-iraty.com\/les-hebergements\/le-camping\/\"><div class=\"kt-blocks-info-box-media-container\"><div class=\"kt-blocks-info-box-media kt-info-media-animate-none\"><div class=\"kadence-info-box-image-inner-intrisic-container\"><div class=\"kadence-info-box-image-intrisic kt-info-animate-none\"><div class=\"kadence-info-box-image-inner-intrisic\"><img loading=\"lazy\" decoding=\"async\" src=\"https:\/\/www.iratikotriatloia.eus\/wp-content\/uploads\/2025\/01\/camping_ico.png\" alt=\"\" width=\"512\" height=\"512\" class=\"kt-info-box-image wp-image-1172\" srcset=\"https:\/\/www.iratikotriatloia.eus\/wp-content\/uploads\/2025\/01\/camping_ico.png 512w, https:\/\/www.iratikotriatloia.eus\/wp-content\/uploads\/2025\/01\/camping_ico-300x300.png 300w, https:\/\/www.iratikotriatloia.eus\/wp-content\/uploads\/2025\/01\/camping_ico-150x150.png 150w, https:\/\/www.iratikotriatloia.eus\/wp-content\/uploads\/2025\/01\/camping_ico-12x12.png 12w\" sizes=\"auto, (max-width: 512px) 100vw, 512px\" \/><\/div><\/div><\/div><\/div><\/div><div class=\"kt-infobox-textcontent\"><h2 class=\"kt-blocks-info-box-title\">2 aires de camping<\/h2><\/div><\/a><\/div>\n\n\n<style>.wp-block-kadence-column.kb-section-dir-horizontal > .kt-inside-inner-col > .kt-info-box575_a3fe21-e2 .kt-blocks-info-box-link-wrap{max-width:unset;}.kt-info-box575_a3fe21-e2 .kt-blocks-info-box-link-wrap{border-top-left-radius:30px;border-top-right-radius:30px;border-bottom-right-radius:30px;border-bottom-left-radius:30px;background:#ffffff;padding-top:0px;padding-right:var(--global-kb-spacing-xs, 1rem);padding-bottom:0px;padding-left:var(--global-kb-spacing-xs, 1rem);}.kt-info-box575_a3fe21-e2.wp-block-kadence-infobox{max-width:100%;}.kt-info-box575_a3fe21-e2 .kadence-info-box-image-inner-intrisic-container{max-width:40px;}.kt-info-box575_a3fe21-e2 .kadence-info-box-image-inner-intrisic-container .kadence-info-box-image-intrisic{padding-bottom:100%;width:512px;height:0px;max-width:100%;}.kt-info-box575_a3fe21-e2 .kadence-info-box-icon-container .kt-info-svg-icon, .kt-info-box575_a3fe21-e2 .kt-info-svg-icon-flip, .kt-info-box575_a3fe21-e2 .kt-blocks-info-box-number{font-size:50px;}.kt-info-box575_a3fe21-e2 .kt-blocks-info-box-media{border-top-width:0px;border-right-width:0px;border-bottom-width:0px;border-left-width:0px;padding-top:20px;padding-right:20px;padding-bottom:20px;padding-left:20px;margin-top:0px;margin-right:20px;margin-bottom:0px;margin-left:0px;}.kt-info-box575_a3fe21-e2 .kt-infobox-textcontent h2.kt-blocks-info-box-title{font-size:var(--global-kb-font-size-md, 1.25rem);padding-top:0px;padding-right:0px;padding-bottom:0px;padding-left:0px;margin-top:5px;margin-right:0px;margin-bottom:10px;margin-left:0px;}.wp-block-kadence-infobox.kt-info-box575_a3fe21-e2 .kt-blocks-info-box-text{font-size:var(--global-kb-font-size-md, 1.25rem);}.kt-info-box575_a3fe21-e2 .kt-blocks-info-box-learnmore{background:transparent;border-width:0px 0px 0px 0px;padding-top:4px;padding-right:8px;padding-bottom:4px;padding-left:8px;margin-top:10px;margin-right:0px;margin-bottom:10px;margin-left:0px;}@media all and (max-width: 767px){.kt-info-box575_a3fe21-e2 .kt-infobox-textcontent h2.kt-blocks-info-box-title{font-size:var(--global-kb-font-size-md, 1.25rem);}.wp-block-kadence-infobox.kt-info-box575_a3fe21-e2 .kt-blocks-info-box-text{font-size:var(--global-kb-font-size-sm, 0.9rem);}}<\/style>\n<div class=\"wp-block-kadence-infobox kt-info-box575_a3fe21-e2\"><a class=\"kt-blocks-info-box-link-wrap info-box-link kt-blocks-info-box-media-align-left kt-info-halign-left\" href=\"https:\/\/chalets-iraty.com\/les-hebergements\/le-camping\/\"><div class=\"kt-blocks-info-box-media-container\"><div class=\"kt-blocks-info-box-media kt-info-media-animate-none\"><div class=\"kadence-info-box-image-inner-intrisic-container\"><div class=\"kadence-info-box-image-intrisic kt-info-animate-none\"><div class=\"kadence-info-box-image-inner-intrisic\"><img loading=\"lazy\" decoding=\"async\" src=\"https:\/\/www.iratikotriatloia.eus\/wp-content\/uploads\/2025\/01\/autokarabana.png\" alt=\"\" width=\"512\" height=\"512\" class=\"kt-info-box-image wp-image-1173\" srcset=\"https:\/\/www.iratikotriatloia.eus\/wp-content\/uploads\/2025\/01\/autokarabana.png 512w, https:\/\/www.iratikotriatloia.eus\/wp-content\/uploads\/2025\/01\/autokarabana-300x300.png 300w, https:\/\/www.iratikotriatloia.eus\/wp-content\/uploads\/2025\/01\/autokarabana-150x150.png 150w, https:\/\/www.iratikotriatloia.eus\/wp-content\/uploads\/2025\/01\/autokarabana-12x12.png 12w\" sizes=\"auto, (max-width: 512px) 100vw, 512px\" \/><\/div><\/div><\/div><\/div><\/div><div class=\"kt-infobox-textcontent\"><h2 class=\"kt-blocks-info-box-title\">Aire de Camping-car<\/h2><\/div><\/a><\/div>\n<\/div>\n\n\n\n<div class=\"wp-block-column is-vertically-aligned-center is-layout-flow wp-block-column-is-layout-flow\">\n<figure class=\"wp-block-image size-full is-resized\"><a href=\"https:\/\/chalets-iraty.com\/\"><img loading=\"lazy\" decoding=\"async\" width=\"400\" height=\"130\" src=\"https:\/\/www.iratikotriatloia.eus\/wp-content\/uploads\/2025\/01\/chalets_iraty_transparent.png\" alt=\"\" class=\"wp-image-326\" style=\"width:369px;height:auto\" srcset=\"https:\/\/www.iratikotriatloia.eus\/wp-content\/uploads\/2025\/01\/chalets_iraty_transparent.png 400w, https:\/\/www.iratikotriatloia.eus\/wp-content\/uploads\/2025\/01\/chalets_iraty_transparent-300x98.png 300w, https:\/\/www.iratikotriatloia.eus\/wp-content\/uploads\/2025\/01\/chalets_iraty_transparent-18x6.png 18w\" sizes=\"auto, (max-width: 400px) 100vw, 400px\" \/><\/a><\/figure>\n<\/div>\n<\/div>\n\n\n\n<div style=\"height:5vh\" aria-hidden=\"true\" class=\"wp-block-spacer\"><\/div>\n\n\n<style>.wp-block-kadence-advancedheading.kt-adv-heading575_59f3a3-ba, .wp-block-kadence-advancedheading.kt-adv-heading575_59f3a3-ba[data-kb-block=\"kb-adv-heading575_59f3a3-ba\"]{font-size:var(--global-kb-font-size-md, 1.25rem);font-style:normal;}.wp-block-kadence-advancedheading.kt-adv-heading575_59f3a3-ba mark.kt-highlight, .wp-block-kadence-advancedheading.kt-adv-heading575_59f3a3-ba[data-kb-block=\"kb-adv-heading575_59f3a3-ba\"] mark.kt-highlight{font-style:normal;color:#f76a0c;-webkit-box-decoration-break:clone;box-decoration-break:clone;padding-top:0px;padding-right:0px;padding-bottom:0px;padding-left:0px;}.wp-block-kadence-advancedheading.kt-adv-heading575_59f3a3-ba img.kb-inline-image, .wp-block-kadence-advancedheading.kt-adv-heading575_59f3a3-ba[data-kb-block=\"kb-adv-heading575_59f3a3-ba\"] img.kb-inline-image{width:150px;vertical-align:baseline;}<\/style>\n<p class=\"kt-adv-heading575_59f3a3-ba wp-block-kadence-advancedheading\" data-kb-block=\"kb-adv-heading575_59f3a3-ba\">Vous trouverez toutes les informations sur le site des Chalets d'Iraty: <a href=\"https:\/\/chalets-iraty.com\/les-hebergements\/\" target=\"_blank\" rel=\"noreferrer noopener\">https:\/\/chalets-iraty.com\/les-hebergements\/<\/a><\/p>\n\n\n<style>.wp-block-kadence-advancedheading.kt-adv-heading575_3ec103-80, .wp-block-kadence-advancedheading.kt-adv-heading575_3ec103-80[data-kb-block=\"kb-adv-heading575_3ec103-80\"]{padding-top:var(--global-kb-spacing-sm, 1.5rem);font-size:var(--global-kb-font-size-md, 1.25rem);font-style:normal;}.wp-block-kadence-advancedheading.kt-adv-heading575_3ec103-80 mark.kt-highlight, .wp-block-kadence-advancedheading.kt-adv-heading575_3ec103-80[data-kb-block=\"kb-adv-heading575_3ec103-80\"] mark.kt-highlight{font-style:normal;color:#f76a0c;-webkit-box-decoration-break:clone;box-decoration-break:clone;padding-top:0px;padding-right:0px;padding-bottom:0px;padding-left:0px;}.wp-block-kadence-advancedheading.kt-adv-heading575_3ec103-80 img.kb-inline-image, .wp-block-kadence-advancedheading.kt-adv-heading575_3ec103-80[data-kb-block=\"kb-adv-heading575_3ec103-80\"] img.kb-inline-image{width:150px;vertical-align:baseline;}@media all and (max-width: 767px){.wp-block-kadence-advancedheading.kt-adv-heading575_3ec103-80, .wp-block-kadence-advancedheading.kt-adv-heading575_3ec103-80[data-kb-block=\"kb-adv-heading575_3ec103-80\"]{font-size:var(--global-kb-font-size-md, 1.25rem);}}<\/style>\n<p class=\"kt-adv-heading575_3ec103-80 wp-block-kadence-advancedheading\" data-kb-block=\"kb-adv-heading575_3ec103-80\">Vous trouverez aussi des chambres d'h\u00f4tes dans les villages environnants ( Larrau, Mendive etc...)<\/p>\n\n\n\n<div style=\"height:10vh\" aria-hidden=\"true\" class=\"wp-block-spacer\"><\/div>\n\n\n\n<h1 class=\"wp-block-heading\"><\/h1>","protected":false},"excerpt":{"rendered":"<p>Non lo egin ? Iratin badira lo egiteko lek\u00fc franko Informazio g\u00fcziak Iratiko webg\u00fcne ofizialean: https:\/\/chalets-iraty.com\/les-hebergements\/ Ondoko herrietan ere badira kanberak alokatzeko (Larraine, Mendive ..)<\/p>","protected":false},"author":1,"featured_media":0,"parent":0,"menu_order":0,"comment_status":"closed","ping_status":"closed","template":"","meta":{"_kad_post_transparent":"","_kad_post_title":"","_kad_post_layout":"","_kad_post_sidebar_id":"","_kad_post_content_style":"","_kad_post_vertical_padding":"","_kad_post_feature":"","_kad_post_feature_position":"","_kad_post_header":false,"_kad_post_footer":false,"_kad_post_classname":"","footnotes":""},"class_list":["post-575","page","type-page","status-publish","hentry"],"_links":{"self":[{"href":"https:\/\/www.iratikotriatloia.eus\/fr\/wp-json\/wp\/v2\/pages\/575","targetHints":{"allow":["GET"]}}],"collection":[{"href":"https:\/\/www.iratikotriatloia.eus\/fr\/wp-json\/wp\/v2\/pages"}],"about":[{"href":"https:\/\/www.iratikotriatloia.eus\/fr\/wp-json\/wp\/v2\/types\/page"}],"author":[{"embeddable":true,"href":"https:\/\/www.iratikotriatloia.eus\/fr\/wp-json\/wp\/v2\/users\/1"}],"replies":[{"embeddable":true,"href":"https:\/\/www.iratikotriatloia.eus\/fr\/wp-json\/wp\/v2\/comments?post=575"}],"version-history":[{"count":39,"href":"https:\/\/www.iratikotriatloia.eus\/fr\/wp-json\/wp\/v2\/pages\/575\/revisions"}],"predecessor-version":[{"id":1330,"href":"https:\/\/www.iratikotriatloia.eus\/fr\/wp-json\/wp\/v2\/pages\/575\/revisions\/1330"}],"wp:attachment":[{"href":"https:\/\/www.iratikotriatloia.eus\/fr\/wp-json\/wp\/v2\/media?parent=575"}],"curies":[{"name":"wp","href":"https:\/\/api.w.org\/{rel}","templated":true}]}}