{"id":168,"date":"2025-01-04T20:53:02","date_gmt":"2025-01-04T19:53:02","guid":{"rendered":"https:\/\/www.iratikotriatloia.eus\/?page_id=168"},"modified":"2025-04-05T18:11:02","modified_gmt":"2025-04-05T16:11:02","slug":"laguntzaileak","status":"publish","type":"page","link":"https:\/\/www.iratikotriatloia.eus\/fr\/laguntzaileak\/","title":{"rendered":"Partenaires"},"content":{"rendered":"<div style=\"height:100px\" aria-hidden=\"true\" class=\"wp-block-spacer\"><\/div>\n\n\n\n<h2 class=\"wp-block-heading has-medium-font-size\">Merci \u00e0 tous nos partenaires pour leur soutien<\/h2>\n\n\n\n<p><\/p>\n\n\n\n<div style=\"height:100px\" aria-hidden=\"true\" class=\"wp-block-spacer\"><\/div>\n\n\n\n<div class=\"wp-block-group is-vertical is-content-justification-center is-layout-flex wp-container-core-group-is-layout-e74e24cc wp-block-group-is-layout-flex\" style=\"padding-top:0;padding-bottom:0\">\n<figure class=\"wp-block-image size-full\" style=\"margin-top:3rem;margin-right:10rem;margin-bottom:3rem\"><a href=\"https:\/\/chalets-iraty.com\/\" target=\"_blank\" rel=\" noreferrer noopener\"><img loading=\"lazy\" decoding=\"async\" width=\"400\" height=\"130\" src=\"https:\/\/www.iratikotriatloia.eus\/wp-content\/uploads\/2025\/01\/chalets_iraty_transparent.png\" alt=\"\" class=\"wp-image-326\" srcset=\"https:\/\/www.iratikotriatloia.eus\/wp-content\/uploads\/2025\/01\/chalets_iraty_transparent.png 400w, https:\/\/www.iratikotriatloia.eus\/wp-content\/uploads\/2025\/01\/chalets_iraty_transparent-300x98.png 300w, https:\/\/www.iratikotriatloia.eus\/wp-content\/uploads\/2025\/01\/chalets_iraty_transparent-18x6.png 18w\" sizes=\"auto, (max-width: 400px) 100vw, 400px\" \/><\/a><\/figure>\n\n\n\n<figure class=\"wp-block-image size-full\" style=\"margin-top:3rem;margin-bottom:3rem;margin-left:10rem\"><a href=\"https:\/\/restaurant-euskalduna.com\/\" target=\"_blank\" rel=\" noreferrer noopener\"><img loading=\"lazy\" decoding=\"async\" width=\"400\" height=\"130\" src=\"https:\/\/www.iratikotriatloia.eus\/wp-content\/uploads\/2025\/01\/logo-euskalduna_transparent.png\" alt=\"\" class=\"wp-image-328\" srcset=\"https:\/\/www.iratikotriatloia.eus\/wp-content\/uploads\/2025\/01\/logo-euskalduna_transparent.png 400w, https:\/\/www.iratikotriatloia.eus\/wp-content\/uploads\/2025\/01\/logo-euskalduna_transparent-300x98.png 300w, https:\/\/www.iratikotriatloia.eus\/wp-content\/uploads\/2025\/01\/logo-euskalduna_transparent-18x6.png 18w\" sizes=\"auto, (max-width: 400px) 100vw, 400px\" \/><\/a><\/figure>\n\n\n\n<figure class=\"wp-block-image size-full\" style=\"margin-top:3rem;margin-right:10rem;margin-bottom:3rem\"><a href=\"https:\/\/www.lopitz.com\" target=\"_blank\" rel=\" noreferrer noopener\"><img loading=\"lazy\" decoding=\"async\" width=\"400\" height=\"130\" src=\"https:\/\/www.iratikotriatloia.eus\/wp-content\/uploads\/2025\/01\/lopitz_transparent.png\" alt=\"\" class=\"wp-image-327\" srcset=\"https:\/\/www.iratikotriatloia.eus\/wp-content\/uploads\/2025\/01\/lopitz_transparent.png 400w, https:\/\/www.iratikotriatloia.eus\/wp-content\/uploads\/2025\/01\/lopitz_transparent-300x98.png 300w, https:\/\/www.iratikotriatloia.eus\/wp-content\/uploads\/2025\/01\/lopitz_transparent-18x6.png 18w\" sizes=\"auto, (max-width: 400px) 100vw, 400px\" \/><\/a><\/figure>\n\n\n\n<figure class=\"wp-block-image size-large is-resized\" style=\"margin-top:3rem;margin-bottom:3rem;margin-left:10rem\"><a href=\"https:\/\/www.safran-group.com\/fr\" target=\"_blank\" rel=\" noreferrer noopener\"><img loading=\"lazy\" decoding=\"async\" width=\"1024\" height=\"351\" src=\"https:\/\/www.iratikotriatloia.eus\/wp-content\/uploads\/2025\/04\/LOGO_SAFRAN_rvb-1024x351.png\" alt=\"\" class=\"wp-image-1366\" style=\"width:400px\" srcset=\"https:\/\/www.iratikotriatloia.eus\/wp-content\/uploads\/2025\/04\/LOGO_SAFRAN_rvb-1024x351.png 1024w, https:\/\/www.iratikotriatloia.eus\/wp-content\/uploads\/2025\/04\/LOGO_SAFRAN_rvb-300x103.png 300w, https:\/\/www.iratikotriatloia.eus\/wp-content\/uploads\/2025\/04\/LOGO_SAFRAN_rvb-768x263.png 768w, https:\/\/www.iratikotriatloia.eus\/wp-content\/uploads\/2025\/04\/LOGO_SAFRAN_rvb-1536x527.png 1536w, https:\/\/www.iratikotriatloia.eus\/wp-content\/uploads\/2025\/04\/LOGO_SAFRAN_rvb-2048x702.png 2048w, https:\/\/www.iratikotriatloia.eus\/wp-content\/uploads\/2025\/04\/LOGO_SAFRAN_rvb-18x6.png 18w\" sizes=\"auto, (max-width: 1024px) 100vw, 1024px\" \/><\/a><\/figure>\n\n\n\n<figure class=\"wp-block-image size-full\" style=\"margin-top:3rem;margin-right:10rem;margin-bottom:3rem\"><a href=\"https:\/\/www.elkar-ingenierie.com\/fr\/accueil\" target=\"_blank\" rel=\" noreferrer noopener\"><img loading=\"lazy\" decoding=\"async\" width=\"400\" height=\"130\" src=\"https:\/\/www.iratikotriatloia.eus\/wp-content\/uploads\/2025\/01\/elkar_trasparent.png\" alt=\"\" class=\"wp-image-325\" srcset=\"https:\/\/www.iratikotriatloia.eus\/wp-content\/uploads\/2025\/01\/elkar_trasparent.png 400w, https:\/\/www.iratikotriatloia.eus\/wp-content\/uploads\/2025\/01\/elkar_trasparent-300x98.png 300w, https:\/\/www.iratikotriatloia.eus\/wp-content\/uploads\/2025\/01\/elkar_trasparent-18x6.png 18w\" sizes=\"auto, (max-width: 400px) 100vw, 400px\" \/><\/a><\/figure>\n\n\n\n<figure class=\"wp-block-image size-full\" style=\"margin-top:3rem;margin-right:0rem;margin-bottom:3rem;margin-left:10rem\"><a href=\"https:\/\/foulees.com\/-bayonne-\" target=\"_blank\" rel=\" noreferrer noopener\"><img loading=\"lazy\" decoding=\"async\" width=\"400\" height=\"130\" src=\"https:\/\/www.iratikotriatloia.eus\/wp-content\/uploads\/2025\/01\/foulees_transparent.png\" alt=\"\" class=\"wp-image-330\" srcset=\"https:\/\/www.iratikotriatloia.eus\/wp-content\/uploads\/2025\/01\/foulees_transparent.png 400w, https:\/\/www.iratikotriatloia.eus\/wp-content\/uploads\/2025\/01\/foulees_transparent-300x98.png 300w, https:\/\/www.iratikotriatloia.eus\/wp-content\/uploads\/2025\/01\/foulees_transparent-18x6.png 18w\" sizes=\"auto, (max-width: 400px) 100vw, 400px\" \/><\/a><\/figure>\n<\/div>\n\n\n\n<div style=\"height:100px\" aria-hidden=\"true\" class=\"wp-block-spacer\"><\/div>\n\n\n\n<h2 class=\"wp-block-heading has-medium-font-size\">Merci aussi \u00e0 la commission syndicale du pays de soule et \u00e0 la mairie de Mendive de nous permettre d'organiser cette seconde \u00e9dition<\/h2>\n\n\n<style>.wp-block-kadence-advancedheading.kt-adv-heading168_fa2b4c-69, .wp-block-kadence-advancedheading.kt-adv-heading168_fa2b4c-69[data-kb-block=\"kb-adv-heading168_fa2b4c-69\"]{font-size:var(--global-kb-font-size-md, 1.25rem);font-style:normal;}.wp-block-kadence-advancedheading.kt-adv-heading168_fa2b4c-69 mark.kt-highlight, .wp-block-kadence-advancedheading.kt-adv-heading168_fa2b4c-69[data-kb-block=\"kb-adv-heading168_fa2b4c-69\"] mark.kt-highlight{font-style:normal;color:#f76a0c;-webkit-box-decoration-break:clone;box-decoration-break:clone;padding-top:0px;padding-right:0px;padding-bottom:0px;padding-left:0px;}.wp-block-kadence-advancedheading.kt-adv-heading168_fa2b4c-69 img.kb-inline-image, .wp-block-kadence-advancedheading.kt-adv-heading168_fa2b4c-69[data-kb-block=\"kb-adv-heading168_fa2b4c-69\"] img.kb-inline-image{width:150px;vertical-align:baseline;}<\/style>\n<h2 class=\"kt-adv-heading168_fa2b4c-69 wp-block-kadence-advancedheading\" data-kb-block=\"kb-adv-heading168_fa2b4c-69\">Si vous aussi vous souhaitez \u00eatre partenaire veuillez nous contacter \u00e0 l'adresse iratikotriatloia@gmail.com<\/h2>\n\n\n\n<div style=\"height:100px\" aria-hidden=\"true\" class=\"wp-block-spacer\"><\/div>","protected":false},"excerpt":{"rendered":"<p>Eskertzen d\u00fct\u00fcg\u00fc xede hontan lag\u00fcntzen g\u00fct\u00fcen g\u00fcziak. Eskerrak ere, xiberoko bort\u00fc zindikatari eta mendibeko herriko etxeari beren lag\u00fcntza ekarri gatik. Zuek ere nahi bazidee gure laguntzaile izan, mezu bat igor gure mailean iratikotriatloia@gmail.com<\/p>","protected":false},"author":1,"featured_media":0,"parent":0,"menu_order":0,"comment_status":"closed","ping_status":"closed","template":"","meta":{"_kad_post_transparent":"","_kad_post_title":"","_kad_post_layout":"","_kad_post_sidebar_id":"","_kad_post_content_style":"","_kad_post_vertical_padding":"","_kad_post_feature":"","_kad_post_feature_position":"","_kad_post_header":false,"_kad_post_footer":false,"_kad_post_classname":"","footnotes":""},"class_list":["post-168","page","type-page","status-publish","hentry"],"_links":{"self":[{"href":"https:\/\/www.iratikotriatloia.eus\/fr\/wp-json\/wp\/v2\/pages\/168","targetHints":{"allow":["GET"]}}],"collection":[{"href":"https:\/\/www.iratikotriatloia.eus\/fr\/wp-json\/wp\/v2\/pages"}],"about":[{"href":"https:\/\/www.iratikotriatloia.eus\/fr\/wp-json\/wp\/v2\/types\/page"}],"author":[{"embeddable":true,"href":"https:\/\/www.iratikotriatloia.eus\/fr\/wp-json\/wp\/v2\/users\/1"}],"replies":[{"embeddable":true,"href":"https:\/\/www.iratikotriatloia.eus\/fr\/wp-json\/wp\/v2\/comments?post=168"}],"version-history":[{"count":20,"href":"https:\/\/www.iratikotriatloia.eus\/fr\/wp-json\/wp\/v2\/pages\/168\/revisions"}],"predecessor-version":[{"id":1369,"href":"https:\/\/www.iratikotriatloia.eus\/fr\/wp-json\/wp\/v2\/pages\/168\/revisions\/1369"}],"wp:attachment":[{"href":"https:\/\/www.iratikotriatloia.eus\/fr\/wp-json\/wp\/v2\/media?parent=168"}],"curies":[{"name":"wp","href":"https:\/\/api.w.org\/{rel}","templated":true}]}}